{"id":28,"date":"2026-03-21T00:41:08","date_gmt":"2026-03-20T23:41:08","guid":{"rendered":"https:\/\/trybodblokowany.pl\/?page_id=28"},"modified":"2026-03-21T00:47:53","modified_gmt":"2026-03-20T23:47:53","slug":"glowna","status":"publish","type":"page","link":"https:\/\/trybodblokowany.pl\/","title":{"rendered":""},"content":{"rendered":"\n<p><\/p>\n\n\n\n<p><\/p>\n\n\n\n<h2 class=\"wp-block-heading\">ODBLOKUJ SW\u00d3J POTENCJA\u0141. ZAKO\u0143CZ P\u0118TL\u0118 DOPAMINY.<\/h2>\n\n\n\n<p>Praktyczny protok\u00f3\u0142 wyj\u015bcia z na\u0142ogu pornografii i odzyskania m\u0119skiej sprawczo\u015bci w 21 dni.<\/p>\n\n\n\n<div class=\"wp-block-buttons is-layout-flex wp-block-buttons-is-layout-flex\">\n<div class=\"wp-block-button\"><a class=\"wp-block-button__link wp-element-button\">CHC\u0118 WEJ\u015a\u0106 W TRYB ODBLOKOWANY<\/a><\/div>\n<\/div>\n\n\n\n<p>[ tu jaki\u015b obrazek mo\u017ce?]<\/p>\n\n\n\n<h4 class=\"wp-block-heading\">Czy czujesz, \u017ce stoisz w miejscu?<\/h4>\n\n\n\n<ul class=\"wp-block-list\">\n<li>Chroniczne zm\u0119czenie i brak motywacji (Brain Fog).<\/li>\n\n\n\n<li>L\u0119k spo\u0142eczny i trudno\u015b\u0107 w nawi\u0105zywaniu realnych relacji.<\/li>\n\n\n\n<li>Zero progresu w treningach i biznesie.<\/li>\n\n\n\n<li>Ci\u0105g\u0142a potrzeba szybkiej, sztucznej dopaminy.<\/li>\n<\/ul>\n\n\n\n<p><\/p>\n","protected":false},"excerpt":{"rendered":"<p>ODBLOKUJ SW\u00d3J POTENCJA\u0141. ZAKO\u0143CZ P\u0118TL\u0118 DOPAMINY. Praktyczny protok\u00f3\u0142 wyj\u015bcia z na\u0142ogu pornografii i odzyskania m\u0119skiej sprawczo\u015bci w 21 dni. [ [&hellip;]<\/p>\n","protected":false},"author":1,"featured_media":0,"parent":0,"menu_order":0,"comment_status":"closed","ping_status":"closed","template":"","meta":{"site-sidebar-layout":"default","site-content-layout":"","ast-site-content-layout":"default","site-content-style":"default","site-sidebar-style":"default","ast-global-header-display":"","ast-banner-title-visibility":"","ast-main-header-display":"","ast-hfb-above-header-display":"","ast-hfb-below-header-display":"","ast-hfb-mobile-header-display":"","site-post-title":"","ast-breadcrumbs-content":"","ast-featured-img":"","footer-sml-layout":"","ast-disable-related-posts":"","theme-transparent-header-meta":"","adv-header-id-meta":"","stick-header-meta":"","header-above-stick-meta":"","header-main-stick-meta":"","header-below-stick-meta":"","astra-migrate-meta-layouts":"default","ast-page-background-enabled":"default","ast-page-background-meta":{"desktop":{"background-color":"var(--ast-global-color-5)","background-image":"","background-repeat":"repeat","background-position":"center center","background-size":"auto","background-attachment":"scroll","background-type":"","background-media":"","overlay-type":"","overlay-color":"","overlay-opacity":"","overlay-gradient":""},"tablet":{"background-color":"","background-image":"","background-repeat":"repeat","background-position":"center center","background-size":"auto","background-attachment":"scroll","background-type":"","background-media":"","overlay-type":"","overlay-color":"","overlay-opacity":"","overlay-gradient":""},"mobile":{"background-color":"","background-image":"","background-repeat":"repeat","background-position":"center center","background-size":"auto","background-attachment":"scroll","background-type":"","background-media":"","overlay-type":"","overlay-color":"","overlay-opacity":"","overlay-gradient":""}},"ast-content-background-meta":{"desktop":{"background-color":"var(--ast-global-color-4)","background-image":"","background-repeat":"repeat","background-position":"center center","background-size":"auto","background-attachment":"scroll","background-type":"","background-media":"","overlay-type":"","overlay-color":"","overlay-opacity":"","overlay-gradient":""},"tablet":{"background-color":"var(--ast-global-color-4)","background-image":"","background-repeat":"repeat","background-position":"center center","background-size":"auto","background-attachment":"scroll","background-type":"","background-media":"","overlay-type":"","overlay-color":"","overlay-opacity":"","overlay-gradient":""},"mobile":{"background-color":"var(--ast-global-color-4)","background-image":"","background-repeat":"repeat","background-position":"center center","background-size":"auto","background-attachment":"scroll","background-type":"","background-media":"","overlay-type":"","overlay-color":"","overlay-opacity":"","overlay-gradient":""}},"footnotes":""},"class_list":["post-28","page","type-page","status-publish","hentry"],"jetpack_sharing_enabled":true,"_links":{"self":[{"href":"https:\/\/trybodblokowany.pl\/index.php\/wp-json\/wp\/v2\/pages\/28","targetHints":{"allow":["GET"]}}],"collection":[{"href":"https:\/\/trybodblokowany.pl\/index.php\/wp-json\/wp\/v2\/pages"}],"about":[{"href":"https:\/\/trybodblokowany.pl\/index.php\/wp-json\/wp\/v2\/types\/page"}],"author":[{"embeddable":true,"href":"https:\/\/trybodblokowany.pl\/index.php\/wp-json\/wp\/v2\/users\/1"}],"replies":[{"embeddable":true,"href":"https:\/\/trybodblokowany.pl\/index.php\/wp-json\/wp\/v2\/comments?post=28"}],"version-history":[{"count":2,"href":"https:\/\/trybodblokowany.pl\/index.php\/wp-json\/wp\/v2\/pages\/28\/revisions"}],"predecessor-version":[{"id":35,"href":"https:\/\/trybodblokowany.pl\/index.php\/wp-json\/wp\/v2\/pages\/28\/revisions\/35"}],"wp:attachment":[{"href":"https:\/\/trybodblokowany.pl\/index.php\/wp-json\/wp\/v2\/media?parent=28"}],"curies":[{"name":"wp","href":"https:\/\/api.w.org\/{rel}","templated":true}]}}